{"id":24,"date":"2021-06-29T08:05:46","date_gmt":"2021-06-29T08:05:46","guid":{"rendered":"https:\/\/hotel-santjordi.es\/?page_id=24"},"modified":"2022-03-15T11:45:23","modified_gmt":"2022-03-15T11:45:23","slug":"politica-de-cookies","status":"publish","type":"page","link":"https:\/\/hotel-santjordi.es\/ca\/politica-de-cookies\/","title":{"rendered":"Politica de cookies"},"content":{"rendered":"\t\t<div data-elementor-type=\"wp-page\" data-elementor-id=\"24\" class=\"elementor elementor-24\" data-elementor-post-type=\"page\">\n\t\t\t\t\t\t<section class=\"elementor-section elementor-top-section elementor-element elementor-element-a083025 elementor-section-height-min-height elementor-section-boxed elementor-section-height-default elementor-section-items-middle\" data-id=\"a083025\" data-element_type=\"section\" data-e-type=\"section\" data-settings=\"{&quot;background_background&quot;:&quot;classic&quot;,&quot;shape_divider_bottom&quot;:&quot;tilt&quot;}\">\n\t\t\t\t\t\t\t<div class=\"elementor-background-overlay\"><\/div>\n\t\t\t\t\t\t<div class=\"elementor-shape elementor-shape-bottom\" aria-hidden=\"true\" data-negative=\"false\">\n\t\t\t<svg xmlns=\"http:\/\/www.w3.org\/2000\/svg\" viewBox=\"0 0 1000 100\" preserveAspectRatio=\"none\">\n\t<path class=\"elementor-shape-fill\" d=\"M0,6V0h1000v100L0,6z\"\/>\n<\/svg>\t\t<\/div>\n\t\t\t\t\t<div class=\"elementor-container elementor-column-gap-default\">\n\t\t\t\t\t<div class=\"elementor-column elementor-col-100 elementor-top-column elementor-element elementor-element-9f62d80\" data-id=\"9f62d80\" data-element_type=\"column\" data-e-type=\"column\" data-settings=\"{&quot;background_background&quot;:&quot;classic&quot;}\">\n\t\t\t<div class=\"elementor-widget-wrap elementor-element-populated\">\n\t\t\t\t\t\t<div class=\"elementor-element elementor-element-6b91cea elementor-widget elementor-widget-heading\" data-id=\"6b91cea\" data-element_type=\"widget\" data-e-type=\"widget\" data-widget_type=\"heading.default\">\n\t\t\t\t<div class=\"elementor-widget-container\">\n\t\t\t\t\t<h1 class=\"elementor-heading-title elementor-size-default\">Politica de cookies<\/h1>\t\t\t\t<\/div>\n\t\t\t\t<\/div>\n\t\t\t\t\t<\/div>\n\t\t<\/div>\n\t\t\t\t\t<\/div>\n\t\t<\/section>\n\t\t\t\t<section class=\"elementor-section elementor-top-section elementor-element elementor-element-86e1111 elementor-section-boxed elementor-section-height-default elementor-section-height-default\" data-id=\"86e1111\" data-element_type=\"section\" data-e-type=\"section\">\n\t\t\t\t\t\t<div class=\"elementor-container elementor-column-gap-default\">\n\t\t\t\t\t<div class=\"elementor-column elementor-col-100 elementor-top-column elementor-element elementor-element-4b1fdd5\" data-id=\"4b1fdd5\" data-element_type=\"column\" data-e-type=\"column\">\n\t\t\t<div class=\"elementor-widget-wrap elementor-element-populated\">\n\t\t\t\t\t\t<div class=\"elementor-element elementor-element-64525f5 elementor-widget elementor-widget-text-editor\" data-id=\"64525f5\" data-element_type=\"widget\" data-e-type=\"widget\" data-widget_type=\"text-editor.default\">\n\t\t\t\t<div class=\"elementor-widget-container\">\n\t\t\t\t\t\t\t\t\t<p>POL\u00cdTICA DE COOKIES<\/p><p>Una galeta \u00e9s un petit arxiu de text que s&#8217;emmagatzema al vostre navegador quan visita gaireb\u00e9 qualsevol p\u00e0gina web. La seva utilitat \u00e9s que el Web sigui capa\u00e7 de recordar la seva visita quan torneu a navegar per aquesta p\u00e0gina. Les cookies solen emmagatzemar informaci\u00f3 de car\u00e0cter t\u00e8cnic, prefer\u00e8ncies personals, personalitzaci\u00f3 de continguts, estad\u00edstiques d\u2019\u00fas, enlla\u00e7os a xarxes socials, acc\u00e9s a comptes d\u2019usuari, etc. L&#8217;objectiu de la galeta \u00e9s adaptar el contingut de la web al vostre perfil i necessitats. Sense galetes els serveis oferts per qualsevol p\u00e0gina es veurien minvats notablement.<\/p><p>REBUTJAR COOKIES<\/p><p>Cookies utilitzades en aquest lloc web<\/p><p>Seguint les directrius de l\u201fAg\u00e8ncia Espanyola de Protecci\u00f3 de Dades il\u201fart. 22.2 de la LSSI, procedim a detallar l&#8217;\u00fas de cookies que fa aquesta Web per informar-lo amb la m\u00e0xima exactitud possible.<\/p><p>Aquest lloc web utilitza les cookies pr\u00f2pies:<\/p><p>Galetes t\u00e8cniques. Permeten a l&#8217;usuari la navegaci\u00f3 a trav\u00e9s d&#8217;una p\u00e0gina web, plataforma o aplicaci\u00f3 i la utilitzaci\u00f3 de diferents opcions o serveis existents, com per exemple, recordar la identificaci\u00f3 de sessi\u00f3 o acc\u00e9s a parts restringides, o per garantir que els usuaris que escriuen comentaris al bloc siguin humans i no aplicacions automatitzades, per combatre el correu brossa.<\/p><p>Les cookies t\u00e8cniques estan exceptuades del compliment de les obligacions establertes a l&#8217;article 22.2 de la LSSI, per la qual cosa no cal sol\u00b7licitar el seu consentiment per al seu \u00fas, per estar impl\u00edcit al servei prestat a trav\u00e9s del present per tant, al clicar \u201cRebutjar galetes\u201d, les galetes t\u00e8cniques no s&#8217;eliminaran.<\/p><p>Aquest lloc web utilitza les cookies de tercers seg\u00fcents:<\/p><p>Google Analytics: Emmagatzema galetes per poder elaborar estad\u00edstiques sobre el tr\u00e0nsit i el volum de visites d&#8217;aquesta web. En acceptar les galetes de Google Analytics, (Vegeu Notes addicionals), esteu consentint el tractament d&#8217;informaci\u00f3 sobre vost\u00e8 per Google. Per tant, l&#8217;exercici de qualsevol dret en aquest sentit ho haur\u00e0 de fer comunicant directament amb Google.<\/p><p>Les galetes utilitzades per Google Analytics romanen al vostre navegador durant 18 mesos.<\/p><p>En prestar el seu consentiment, permet l&#8217;\u00fas de les cookies esmentades, no prestar-ho no impedeix poder seguir navegant per la nostra web.<\/p><p>Xarxes socials: Cada xarxa social utilitza les seves pr\u00f2pies galetes perqu\u00e8 pugui punxar en botons del tipus M&#8217;agrada o Compartir.<\/p><p>Notes addicionals<\/p><ol><li>Ni aquesta Web ni els seus representants legals es fan responsables ni del contingut ni de la veracitat de les pol\u00edtiques de privacitat que puguin tenir els tercers citats en aquesta pol\u00edtica de cookies.<\/li><li>En alguns casos \u00e9s necessari instal\u00b7lar galetes perqu\u00e8 el navegador no oblidi la seva decisi\u00f3 de no acceptar-les.<\/li><li>En el cas de les galetes de Google Analytics, aquesta empresa emmagatzema les galetes en servidors ubicats als Estats Units i es compromet a no compartir-la amb tercers, excepte en els casos que sigui necessari per al funcionament del sistema o quan la llei obligui a aquest efecte. Segons Google no desa la vostra adre\u00e7a IP. Podeu consultar informaci\u00f3 detallada en aquest <a href=\"https:\/\/www.google.com\/intl\/es\/chrome\/privacy\/\" target=\"_blank\" rel=\"noopener\"><strong>enlla\u00e7<\/strong><\/a>. Si voleu informaci\u00f3 sobre l&#8217;\u00fas que Google d\u00f3na a les cookies us adjuntem aquest altre <a href=\"https:\/\/policies.google.com\/technologies\/cookies?hl=es\" target=\"_blank\" rel=\"noopener\"><strong>enlla\u00e7<\/strong><\/a>.<\/li><\/ol><p>4. Per a qualsevol dubte o consulta sobre aquesta pol\u00edtica de cookies no dubteu a comunicar-vos amb nosaltres utilitzant qualsevol dels m\u00e8todes de contacte que figuren al peu d&#8217;aquesta p\u00e0gina web.<\/p>\t\t\t\t\t\t\t\t<\/div>\n\t\t\t\t<\/div>\n\t\t\t\t\t<\/div>\n\t\t<\/div>\n\t\t\t\t\t<\/div>\n\t\t<\/section>\n\t\t\t\t<\/div>\n\t\t","protected":false},"excerpt":{"rendered":"<p>POL\u00cdTICA DE COOKIES Una galeta \u00e9s un petit arxiu de text que s&#8217;emmagatzema al vostre navegador quan visita gaireb\u00e9 qualsevol p\u00e0gina web. La seva utilitat \u00e9s que el Web sigui capa\u00e7 de recordar la seva visita quan torneu a navegar per aquesta p\u00e0gina. Les cookies solen emmagatzemar informaci\u00f3 de car\u00e0cter t\u00e8cnic, prefer\u00e8ncies personals, personalitzaci\u00f3 de [&hellip;]<\/p>\n","protected":false},"author":2,"featured_media":0,"parent":0,"menu_order":0,"comment_status":"closed","ping_status":"closed","template":"","meta":{"footnotes":""},"class_list":["post-24","page","type-page","status-publish","hentry"],"yoast_head":"<!-- This site is optimized with the Yoast SEO plugin v27.3 - https:\/\/yoast.com\/product\/yoast-seo-wordpress\/ -->\n<title>Politica de cookies - Hotel i apartaments Sant Jordi<\/title>\n<meta name=\"robots\" content=\"index, follow, max-snippet:-1, max-image-preview:large, max-video-preview:-1\" \/>\n<link rel=\"canonical\" href=\"https:\/\/hotel-santjordi.es\/ca\/politica-de-cookies\/\" \/>\n<meta property=\"og:locale\" content=\"en_US\" \/>\n<meta property=\"og:type\" content=\"article\" \/>\n<meta property=\"og:title\" content=\"Politica de cookies - Hotel i apartaments Sant Jordi\" \/>\n<meta property=\"og:description\" content=\"POL\u00cdTICA DE COOKIES Una galeta \u00e9s un petit arxiu de text que s&#8217;emmagatzema al vostre navegador quan visita gaireb\u00e9 qualsevol p\u00e0gina web. La seva utilitat \u00e9s que el Web sigui capa\u00e7 de recordar la seva visita quan torneu a navegar per aquesta p\u00e0gina. Les cookies solen emmagatzemar informaci\u00f3 de car\u00e0cter t\u00e8cnic, prefer\u00e8ncies personals, personalitzaci\u00f3 de [&hellip;]\" \/>\n<meta property=\"og:url\" content=\"https:\/\/hotel-santjordi.es\/ca\/politica-de-cookies\/\" \/>\n<meta property=\"og:site_name\" content=\"Hotel i apartaments Sant Jordi\" \/>\n<meta property=\"article:modified_time\" content=\"2022-03-15T11:45:23+00:00\" \/>\n<meta name=\"twitter:card\" content=\"summary_large_image\" \/>\n<meta name=\"twitter:label1\" content=\"Est. reading time\" \/>\n\t<meta name=\"twitter:data1\" content=\"3 minutes\" \/>\n<script type=\"application\/ld+json\" class=\"yoast-schema-graph\">{\"@context\":\"https:\\\/\\\/schema.org\",\"@graph\":[{\"@type\":\"WebPage\",\"@id\":\"https:\\\/\\\/hotel-santjordi.es\\\/ca\\\/politica-de-cookies\\\/\",\"url\":\"https:\\\/\\\/hotel-santjordi.es\\\/ca\\\/politica-de-cookies\\\/\",\"name\":\"Politica de cookies - Hotel i apartaments Sant Jordi\",\"isPartOf\":{\"@id\":\"https:\\\/\\\/hotel-santjordi.es\\\/ca\\\/#website\"},\"datePublished\":\"2021-06-29T08:05:46+00:00\",\"dateModified\":\"2022-03-15T11:45:23+00:00\",\"inLanguage\":\"ca-AD\",\"potentialAction\":[{\"@type\":\"ReadAction\",\"target\":[\"https:\\\/\\\/hotel-santjordi.es\\\/ca\\\/politica-de-cookies\\\/\"]}]},{\"@type\":\"WebSite\",\"@id\":\"https:\\\/\\\/hotel-santjordi.es\\\/ca\\\/#website\",\"url\":\"https:\\\/\\\/hotel-santjordi.es\\\/ca\\\/\",\"name\":\"Hotel i apartaments Sant Jordi\",\"description\":\"Hotel con encanto cerca de Port Aventura. Para relax y cicloturismo. Hotel admite mascotas\",\"publisher\":{\"@id\":\"https:\\\/\\\/hotel-santjordi.es\\\/ca\\\/#organization\"},\"potentialAction\":[{\"@type\":\"SearchAction\",\"target\":{\"@type\":\"EntryPoint\",\"urlTemplate\":\"https:\\\/\\\/hotel-santjordi.es\\\/ca\\\/?s={search_term_string}\"},\"query-input\":{\"@type\":\"PropertyValueSpecification\",\"valueRequired\":true,\"valueName\":\"search_term_string\"}}],\"inLanguage\":\"ca-AD\"},{\"@type\":\"Organization\",\"@id\":\"https:\\\/\\\/hotel-santjordi.es\\\/ca\\\/#organization\",\"name\":\"Hotel i apartaments Sant Jordi\",\"url\":\"https:\\\/\\\/hotel-santjordi.es\\\/ca\\\/\",\"logo\":{\"@type\":\"ImageObject\",\"inLanguage\":\"ca-AD\",\"@id\":\"https:\\\/\\\/hotel-santjordi.es\\\/ca\\\/#\\\/schema\\\/logo\\\/image\\\/\",\"url\":\"https:\\\/\\\/hotel-santjordi.es\\\/ca\\\/wp-content\\\/uploads\\\/sites\\\/3\\\/2021\\\/06\\\/St-Jordi-Hotel_logo4.png\",\"contentUrl\":\"https:\\\/\\\/hotel-santjordi.es\\\/ca\\\/wp-content\\\/uploads\\\/sites\\\/3\\\/2021\\\/06\\\/St-Jordi-Hotel_logo4.png\",\"width\":300,\"height\":133,\"caption\":\"Hotel i apartaments Sant Jordi\"},\"image\":{\"@id\":\"https:\\\/\\\/hotel-santjordi.es\\\/ca\\\/#\\\/schema\\\/logo\\\/image\\\/\"}}]}<\/script>\n<!-- \/ Yoast SEO plugin. -->","yoast_head_json":{"title":"Politica de cookies - Hotel i apartaments Sant Jordi","robots":{"index":"index","follow":"follow","max-snippet":"max-snippet:-1","max-image-preview":"max-image-preview:large","max-video-preview":"max-video-preview:-1"},"canonical":"https:\/\/hotel-santjordi.es\/ca\/politica-de-cookies\/","og_locale":"en_US","og_type":"article","og_title":"Politica de cookies - Hotel i apartaments Sant Jordi","og_description":"POL\u00cdTICA DE COOKIES Una galeta \u00e9s un petit arxiu de text que s&#8217;emmagatzema al vostre navegador quan visita gaireb\u00e9 qualsevol p\u00e0gina web. La seva utilitat \u00e9s que el Web sigui capa\u00e7 de recordar la seva visita quan torneu a navegar per aquesta p\u00e0gina. Les cookies solen emmagatzemar informaci\u00f3 de car\u00e0cter t\u00e8cnic, prefer\u00e8ncies personals, personalitzaci\u00f3 de [&hellip;]","og_url":"https:\/\/hotel-santjordi.es\/ca\/politica-de-cookies\/","og_site_name":"Hotel i apartaments Sant Jordi","article_modified_time":"2022-03-15T11:45:23+00:00","twitter_card":"summary_large_image","twitter_misc":{"Est. reading time":"3 minutes"},"schema":{"@context":"https:\/\/schema.org","@graph":[{"@type":"WebPage","@id":"https:\/\/hotel-santjordi.es\/ca\/politica-de-cookies\/","url":"https:\/\/hotel-santjordi.es\/ca\/politica-de-cookies\/","name":"Politica de cookies - Hotel i apartaments Sant Jordi","isPartOf":{"@id":"https:\/\/hotel-santjordi.es\/ca\/#website"},"datePublished":"2021-06-29T08:05:46+00:00","dateModified":"2022-03-15T11:45:23+00:00","inLanguage":"ca-AD","potentialAction":[{"@type":"ReadAction","target":["https:\/\/hotel-santjordi.es\/ca\/politica-de-cookies\/"]}]},{"@type":"WebSite","@id":"https:\/\/hotel-santjordi.es\/ca\/#website","url":"https:\/\/hotel-santjordi.es\/ca\/","name":"Hotel i apartaments Sant Jordi","description":"Hotel con encanto cerca de Port Aventura. Para relax y cicloturismo. Hotel admite mascotas","publisher":{"@id":"https:\/\/hotel-santjordi.es\/ca\/#organization"},"potentialAction":[{"@type":"SearchAction","target":{"@type":"EntryPoint","urlTemplate":"https:\/\/hotel-santjordi.es\/ca\/?s={search_term_string}"},"query-input":{"@type":"PropertyValueSpecification","valueRequired":true,"valueName":"search_term_string"}}],"inLanguage":"ca-AD"},{"@type":"Organization","@id":"https:\/\/hotel-santjordi.es\/ca\/#organization","name":"Hotel i apartaments Sant Jordi","url":"https:\/\/hotel-santjordi.es\/ca\/","logo":{"@type":"ImageObject","inLanguage":"ca-AD","@id":"https:\/\/hotel-santjordi.es\/ca\/#\/schema\/logo\/image\/","url":"https:\/\/hotel-santjordi.es\/ca\/wp-content\/uploads\/sites\/3\/2021\/06\/St-Jordi-Hotel_logo4.png","contentUrl":"https:\/\/hotel-santjordi.es\/ca\/wp-content\/uploads\/sites\/3\/2021\/06\/St-Jordi-Hotel_logo4.png","width":300,"height":133,"caption":"Hotel i apartaments Sant Jordi"},"image":{"@id":"https:\/\/hotel-santjordi.es\/ca\/#\/schema\/logo\/image\/"}}]}},"_links":{"self":[{"href":"https:\/\/hotel-santjordi.es\/ca\/wp-json\/wp\/v2\/pages\/24","targetHints":{"allow":["GET"]}}],"collection":[{"href":"https:\/\/hotel-santjordi.es\/ca\/wp-json\/wp\/v2\/pages"}],"about":[{"href":"https:\/\/hotel-santjordi.es\/ca\/wp-json\/wp\/v2\/types\/page"}],"author":[{"embeddable":true,"href":"https:\/\/hotel-santjordi.es\/ca\/wp-json\/wp\/v2\/users\/2"}],"replies":[{"embeddable":true,"href":"https:\/\/hotel-santjordi.es\/ca\/wp-json\/wp\/v2\/comments?post=24"}],"version-history":[{"count":0,"href":"https:\/\/hotel-santjordi.es\/ca\/wp-json\/wp\/v2\/pages\/24\/revisions"}],"wp:attachment":[{"href":"https:\/\/hotel-santjordi.es\/ca\/wp-json\/wp\/v2\/media?parent=24"}],"curies":[{"name":"wp","href":"https:\/\/api.w.org\/{rel}","templated":true}]}}