{"id":19,"date":"2021-06-29T08:04:40","date_gmt":"2021-06-29T08:04:40","guid":{"rendered":"https:\/\/hotel-santjordi.es\/?page_id=19"},"modified":"2022-06-15T09:56:21","modified_gmt":"2022-06-15T09:56:21","slug":"avis-legal","status":"publish","type":"page","link":"https:\/\/hotel-santjordi.es\/ca\/avis-legal\/","title":{"rendered":"Avis legal"},"content":{"rendered":"\t\t<div data-elementor-type=\"wp-page\" data-elementor-id=\"19\" class=\"elementor elementor-19\" data-elementor-post-type=\"page\">\n\t\t\t\t\t\t<section class=\"elementor-section elementor-top-section elementor-element elementor-element-88f9642 elementor-section-height-min-height elementor-section-boxed elementor-section-height-default elementor-section-items-middle\" data-id=\"88f9642\" data-element_type=\"section\" data-e-type=\"section\" data-settings=\"{&quot;background_background&quot;:&quot;classic&quot;,&quot;shape_divider_bottom&quot;:&quot;tilt&quot;}\">\n\t\t\t\t\t\t\t<div class=\"elementor-background-overlay\"><\/div>\n\t\t\t\t\t\t<div class=\"elementor-shape elementor-shape-bottom\" aria-hidden=\"true\" data-negative=\"false\">\n\t\t\t<svg xmlns=\"http:\/\/www.w3.org\/2000\/svg\" viewBox=\"0 0 1000 100\" preserveAspectRatio=\"none\">\n\t<path class=\"elementor-shape-fill\" d=\"M0,6V0h1000v100L0,6z\"\/>\n<\/svg>\t\t<\/div>\n\t\t\t\t\t<div class=\"elementor-container elementor-column-gap-default\">\n\t\t\t\t\t<div class=\"elementor-column elementor-col-100 elementor-top-column elementor-element elementor-element-62a8357\" data-id=\"62a8357\" data-element_type=\"column\" data-e-type=\"column\" data-settings=\"{&quot;background_background&quot;:&quot;classic&quot;}\">\n\t\t\t<div class=\"elementor-widget-wrap elementor-element-populated\">\n\t\t\t\t\t\t<div class=\"elementor-element elementor-element-65d8d51 elementor-widget elementor-widget-heading\" data-id=\"65d8d51\" data-element_type=\"widget\" data-e-type=\"widget\" data-widget_type=\"heading.default\">\n\t\t\t\t<div class=\"elementor-widget-container\">\n\t\t\t\t\t<h1 class=\"elementor-heading-title elementor-size-default\">Avis legal<\/h1>\t\t\t\t<\/div>\n\t\t\t\t<\/div>\n\t\t\t\t\t<\/div>\n\t\t<\/div>\n\t\t\t\t\t<\/div>\n\t\t<\/section>\n\t\t\t\t<section class=\"elementor-section elementor-top-section elementor-element elementor-element-5a3cdbb elementor-section-boxed elementor-section-height-default elementor-section-height-default\" data-id=\"5a3cdbb\" data-element_type=\"section\" data-e-type=\"section\">\n\t\t\t\t\t\t<div class=\"elementor-container elementor-column-gap-default\">\n\t\t\t\t\t<div class=\"elementor-column elementor-col-100 elementor-top-column elementor-element elementor-element-3d89ebd\" data-id=\"3d89ebd\" data-element_type=\"column\" data-e-type=\"column\">\n\t\t\t<div class=\"elementor-widget-wrap elementor-element-populated\">\n\t\t\t\t\t\t<div class=\"elementor-element elementor-element-927097e elementor-widget elementor-widget-text-editor\" data-id=\"927097e\" data-element_type=\"widget\" data-e-type=\"widget\" data-widget_type=\"text-editor.default\">\n\t\t\t\t<div class=\"elementor-widget-container\">\n\t\t\t\t\t\t\t\t\t<p>1.- INFORMACI\u00d3 GENERAL.<\/p><p>El present av\u00eds legal recull les condicions generals que regeixen l&#8217;acc\u00e9s i l&#8217;\u00fas del lloc web https:\/\/hotel-santjordi.es\/ en endavant &#8220;el lloc web&#8221;.<\/p><p>La utilitzaci\u00f3 del lloc web atribueix a qui ho realitzi, la condici\u00f3 d&#8217;usuari del mateix (d&#8217;ara endavant, &#8220;l&#8217;Usuari&#8221;) i implica l&#8217;acceptaci\u00f3 de totes les condicions incloses en aquest Av\u00eds Legal, aix\u00ed com de la pol\u00edtica de privacitat.<\/p><p>El lloc web \u00e9s de titularitat de OBA S.L. De conformitat amb el que preveu la Llei 34\/2002, d&#8217;11 de juliol, de Serveis de la Societat de la Informaci\u00f3 i Comer\u00e7 Electr\u00f2nic, es fa constar que OBA S.L., CIF B-58008780, t\u00e9 la seu social al c\/ Aribau , 185, 5\u00e8 1a 08021 Barcelona i que est\u00e0 inscrita al Registre Mercantil de Barcelona, \u200b\u200bal tom 22436, foli 1, full B-36929.<\/p><p>Ens podeu contactar per correu electr\u00f2nic a <a href=\"mailto:central@atriumhotels.com\">central@atriumhotels.com<\/a><\/p><ol start=\"2\"><li>DRETS DE PROPIETAT INTEL\u00b7LECTUAL I INDUSTRIAL<\/li><\/ol><p>El lloc web, incloent-hi a t\u00edtol enunciatiu per\u00f2 no limitatiu la seva programaci\u00f3, edici\u00f3, compilaci\u00f3 i altres elements necessaris per al seu funcionament, els dissenys, logotips, text i\/o gr\u00e0fics, s\u00f3n propietat de OBA, S.L. (d&#8217;ara endavant RESPONSABLE) o, si escau, disposa de llic\u00e8ncia o autoritzaci\u00f3 expressa per part dels autors. Tots els continguts del lloc web es troben degudament protegits per la normativa de propietat intel\u00b7lectual i industrial, aix\u00ed com inscrits als registres p\u00fablics corresponents.<\/p><p>Independentment de la finalitat per a la qual fossin destinats, la reproducci\u00f3 total o parcial, \u00fas, explotaci\u00f3, distribuci\u00f3 i comercialitzaci\u00f3 requereix en tot cas l&#8217;autoritzaci\u00f3 escrita pr\u00e8via per part del RESPONSABLE. Qualsevol \u00fas no autoritzat pr\u00e8viament es considerar\u00e0 un incompliment greu dels drets de propietat intel\u00b7lectual o industrial de l\u2019autor.<\/p><ol start=\"3\"><li>EXEMPCI\u00d3 DE RESPONSABILITATS<\/li><\/ol><p>El RESPONSABLE s&#8217;eximeix de qualsevol tipus de responsabilitat derivada de la informaci\u00f3 publicada al seu lloc web sempre que aquesta informaci\u00f3 hagi estat manipulada o introdu\u00efda per un tercer ali\u00e8 a aquest.<\/p><p>Pol\u00edtica d&#8217;enlla\u00e7os<\/p><p>Des del lloc web, \u00e9s possible que es redirigeixi a continguts de tercers llocs web. At\u00e8s que el RESPONSABLE no pot controlar sempre els continguts introdu\u00efts pels tercers als seus respectius llocs web, no assumeix cap mena de responsabilitat respecte a aquests continguts. En tot cas, procedir\u00e0 a la retirada immediata de qualsevol contingut que pogu\u00e9s contravenir la legislaci\u00f3 nacional o internacional, la moral o l&#8217;ordre p\u00fablic, procedint a la retirada immediata de la redirecci\u00f3 a aquest lloc web, posant en coneixement de les autoritats competents el contingut en q\u00fcesti\u00f3.<\/p><p>El RESPONSABLE no es fa responsable de la informaci\u00f3 i continguts emmagatzemats, a t\u00edtol enunciatiu per\u00f2 no limitatiu, en f\u00f2rums, xats, generadors de blocs, comentaris, xarxes socials o qualsevol altre mitj\u00e0 que permeti a tercers publicar continguts de forma independent a la p\u00e0gina web del RESPONSABLE. No obstant aix\u00f2, i en compliment del que disposen els articles 11 i 16 de la LSSICE, es posa a disposici\u00f3 de tots els usuaris, autoritats i forces de seguretat, col\u00b7laborant de forma activa en la retirada o, si escau, bloqueig de tots aquells continguts que puguin afectar o contravenir la legislaci\u00f3 nacional o internacional, els drets de tercers o la moral i l\u2019ordre p\u00fablic. En cas que l&#8217;usuari consideri que hi ha al lloc web algun contingut que pogu\u00e9s ser susceptible d&#8217;aquesta classificaci\u00f3, es prega que ho faci saber de manera immediata a l&#8217;administrador del lloc web.<\/p><p>Aquest lloc web ha estat revisat i provat perqu\u00e8 funcioni correctament. En principi, se&#8217;n pot garantir el funcionament correcte els 365 dies de l&#8217;any, 24 hores al dia. Aix\u00f2 no obstant, el RESPONSABLE no descarta la possibilitat que hi hagi certs errors de programaci\u00f3, o que es converteixin en causes de for\u00e7a major, cat\u00e0strofes naturals, vagues o circumst\u00e0ncies similars que facin impossible l&#8217;acc\u00e9s a la p\u00e0gina web.<\/p><ol start=\"4\"><li>LLEI APLICABLE I JURISDICCI\u00d3<\/li><\/ol><p>Per a la resoluci\u00f3 de totes les controv\u00e8rsies o q\u00fcestions relacionades amb aquest lloc web o de les activitats que s&#8217;hi desenvolupin, ser\u00e0 aplicable la legislaci\u00f3 espanyola, a la qual se sotmeten expressament les parts, sent competents per a la resoluci\u00f3 de tots els conflictes derivats o relacionats amb el seu \u00fas els Jutjats i els Tribunals m\u00e9s propers a BARCELONA.<\/p>\t\t\t\t\t\t\t\t<\/div>\n\t\t\t\t<\/div>\n\t\t\t\t\t<\/div>\n\t\t<\/div>\n\t\t\t\t\t<\/div>\n\t\t<\/section>\n\t\t\t\t<\/div>\n\t\t","protected":false},"excerpt":{"rendered":"<p>1.- INFORMACI\u00d3 GENERAL. El present av\u00eds legal recull les condicions generals que regeixen l&#8217;acc\u00e9s i l&#8217;\u00fas del lloc web https:\/\/hotel-santjordi.es\/ en endavant &#8220;el lloc web&#8221;. La utilitzaci\u00f3 del lloc web atribueix a qui ho realitzi, la condici\u00f3 d&#8217;usuari del mateix (d&#8217;ara endavant, &#8220;l&#8217;Usuari&#8221;) i implica l&#8217;acceptaci\u00f3 de totes les condicions incloses en aquest Av\u00eds Legal, [&hellip;]<\/p>\n","protected":false},"author":2,"featured_media":0,"parent":0,"menu_order":0,"comment_status":"closed","ping_status":"closed","template":"","meta":{"footnotes":""},"class_list":["post-19","page","type-page","status-publish","hentry"],"yoast_head":"<!-- This site is optimized with the Yoast SEO plugin v27.3 - https:\/\/yoast.com\/product\/yoast-seo-wordpress\/ -->\n<title>Avis legal - Hotel i apartaments Sant Jordi<\/title>\n<meta name=\"robots\" content=\"index, follow, max-snippet:-1, max-image-preview:large, max-video-preview:-1\" \/>\n<link rel=\"canonical\" href=\"https:\/\/hotel-santjordi.es\/ca\/avis-legal\/\" \/>\n<meta property=\"og:locale\" content=\"en_US\" \/>\n<meta property=\"og:type\" content=\"article\" \/>\n<meta property=\"og:title\" content=\"Avis legal - Hotel i apartaments Sant Jordi\" \/>\n<meta property=\"og:description\" content=\"1.- INFORMACI\u00d3 GENERAL. El present av\u00eds legal recull les condicions generals que regeixen l&#8217;acc\u00e9s i l&#8217;\u00fas del lloc web https:\/\/hotel-santjordi.es\/ en endavant &#8220;el lloc web&#8221;. La utilitzaci\u00f3 del lloc web atribueix a qui ho realitzi, la condici\u00f3 d&#8217;usuari del mateix (d&#8217;ara endavant, &#8220;l&#8217;Usuari&#8221;) i implica l&#8217;acceptaci\u00f3 de totes les condicions incloses en aquest Av\u00eds Legal, [&hellip;]\" \/>\n<meta property=\"og:url\" content=\"https:\/\/hotel-santjordi.es\/ca\/avis-legal\/\" \/>\n<meta property=\"og:site_name\" content=\"Hotel i apartaments Sant Jordi\" \/>\n<meta property=\"article:modified_time\" content=\"2022-06-15T09:56:21+00:00\" \/>\n<meta name=\"twitter:card\" content=\"summary_large_image\" \/>\n<meta name=\"twitter:label1\" content=\"Est. reading time\" \/>\n\t<meta name=\"twitter:data1\" content=\"4 minutes\" \/>\n<script type=\"application\/ld+json\" class=\"yoast-schema-graph\">{\"@context\":\"https:\\\/\\\/schema.org\",\"@graph\":[{\"@type\":\"WebPage\",\"@id\":\"https:\\\/\\\/hotel-santjordi.es\\\/ca\\\/avis-legal\\\/\",\"url\":\"https:\\\/\\\/hotel-santjordi.es\\\/ca\\\/avis-legal\\\/\",\"name\":\"Avis legal - Hotel i apartaments Sant Jordi\",\"isPartOf\":{\"@id\":\"https:\\\/\\\/hotel-santjordi.es\\\/ca\\\/#website\"},\"datePublished\":\"2021-06-29T08:04:40+00:00\",\"dateModified\":\"2022-06-15T09:56:21+00:00\",\"inLanguage\":\"ca-AD\",\"potentialAction\":[{\"@type\":\"ReadAction\",\"target\":[\"https:\\\/\\\/hotel-santjordi.es\\\/ca\\\/avis-legal\\\/\"]}]},{\"@type\":\"WebSite\",\"@id\":\"https:\\\/\\\/hotel-santjordi.es\\\/ca\\\/#website\",\"url\":\"https:\\\/\\\/hotel-santjordi.es\\\/ca\\\/\",\"name\":\"Hotel i apartaments Sant Jordi\",\"description\":\"Hotel con encanto cerca de Port Aventura. Para relax y cicloturismo. Hotel admite mascotas\",\"publisher\":{\"@id\":\"https:\\\/\\\/hotel-santjordi.es\\\/ca\\\/#organization\"},\"potentialAction\":[{\"@type\":\"SearchAction\",\"target\":{\"@type\":\"EntryPoint\",\"urlTemplate\":\"https:\\\/\\\/hotel-santjordi.es\\\/ca\\\/?s={search_term_string}\"},\"query-input\":{\"@type\":\"PropertyValueSpecification\",\"valueRequired\":true,\"valueName\":\"search_term_string\"}}],\"inLanguage\":\"ca-AD\"},{\"@type\":\"Organization\",\"@id\":\"https:\\\/\\\/hotel-santjordi.es\\\/ca\\\/#organization\",\"name\":\"Hotel i apartaments Sant Jordi\",\"url\":\"https:\\\/\\\/hotel-santjordi.es\\\/ca\\\/\",\"logo\":{\"@type\":\"ImageObject\",\"inLanguage\":\"ca-AD\",\"@id\":\"https:\\\/\\\/hotel-santjordi.es\\\/ca\\\/#\\\/schema\\\/logo\\\/image\\\/\",\"url\":\"https:\\\/\\\/hotel-santjordi.es\\\/ca\\\/wp-content\\\/uploads\\\/sites\\\/3\\\/2021\\\/06\\\/St-Jordi-Hotel_logo4.png\",\"contentUrl\":\"https:\\\/\\\/hotel-santjordi.es\\\/ca\\\/wp-content\\\/uploads\\\/sites\\\/3\\\/2021\\\/06\\\/St-Jordi-Hotel_logo4.png\",\"width\":300,\"height\":133,\"caption\":\"Hotel i apartaments Sant Jordi\"},\"image\":{\"@id\":\"https:\\\/\\\/hotel-santjordi.es\\\/ca\\\/#\\\/schema\\\/logo\\\/image\\\/\"}}]}<\/script>\n<!-- \/ Yoast SEO plugin. -->","yoast_head_json":{"title":"Avis legal - Hotel i apartaments Sant Jordi","robots":{"index":"index","follow":"follow","max-snippet":"max-snippet:-1","max-image-preview":"max-image-preview:large","max-video-preview":"max-video-preview:-1"},"canonical":"https:\/\/hotel-santjordi.es\/ca\/avis-legal\/","og_locale":"en_US","og_type":"article","og_title":"Avis legal - Hotel i apartaments Sant Jordi","og_description":"1.- INFORMACI\u00d3 GENERAL. El present av\u00eds legal recull les condicions generals que regeixen l&#8217;acc\u00e9s i l&#8217;\u00fas del lloc web https:\/\/hotel-santjordi.es\/ en endavant &#8220;el lloc web&#8221;. La utilitzaci\u00f3 del lloc web atribueix a qui ho realitzi, la condici\u00f3 d&#8217;usuari del mateix (d&#8217;ara endavant, &#8220;l&#8217;Usuari&#8221;) i implica l&#8217;acceptaci\u00f3 de totes les condicions incloses en aquest Av\u00eds Legal, [&hellip;]","og_url":"https:\/\/hotel-santjordi.es\/ca\/avis-legal\/","og_site_name":"Hotel i apartaments Sant Jordi","article_modified_time":"2022-06-15T09:56:21+00:00","twitter_card":"summary_large_image","twitter_misc":{"Est. reading time":"4 minutes"},"schema":{"@context":"https:\/\/schema.org","@graph":[{"@type":"WebPage","@id":"https:\/\/hotel-santjordi.es\/ca\/avis-legal\/","url":"https:\/\/hotel-santjordi.es\/ca\/avis-legal\/","name":"Avis legal - Hotel i apartaments Sant Jordi","isPartOf":{"@id":"https:\/\/hotel-santjordi.es\/ca\/#website"},"datePublished":"2021-06-29T08:04:40+00:00","dateModified":"2022-06-15T09:56:21+00:00","inLanguage":"ca-AD","potentialAction":[{"@type":"ReadAction","target":["https:\/\/hotel-santjordi.es\/ca\/avis-legal\/"]}]},{"@type":"WebSite","@id":"https:\/\/hotel-santjordi.es\/ca\/#website","url":"https:\/\/hotel-santjordi.es\/ca\/","name":"Hotel i apartaments Sant Jordi","description":"Hotel con encanto cerca de Port Aventura. Para relax y cicloturismo. Hotel admite mascotas","publisher":{"@id":"https:\/\/hotel-santjordi.es\/ca\/#organization"},"potentialAction":[{"@type":"SearchAction","target":{"@type":"EntryPoint","urlTemplate":"https:\/\/hotel-santjordi.es\/ca\/?s={search_term_string}"},"query-input":{"@type":"PropertyValueSpecification","valueRequired":true,"valueName":"search_term_string"}}],"inLanguage":"ca-AD"},{"@type":"Organization","@id":"https:\/\/hotel-santjordi.es\/ca\/#organization","name":"Hotel i apartaments Sant Jordi","url":"https:\/\/hotel-santjordi.es\/ca\/","logo":{"@type":"ImageObject","inLanguage":"ca-AD","@id":"https:\/\/hotel-santjordi.es\/ca\/#\/schema\/logo\/image\/","url":"https:\/\/hotel-santjordi.es\/ca\/wp-content\/uploads\/sites\/3\/2021\/06\/St-Jordi-Hotel_logo4.png","contentUrl":"https:\/\/hotel-santjordi.es\/ca\/wp-content\/uploads\/sites\/3\/2021\/06\/St-Jordi-Hotel_logo4.png","width":300,"height":133,"caption":"Hotel i apartaments Sant Jordi"},"image":{"@id":"https:\/\/hotel-santjordi.es\/ca\/#\/schema\/logo\/image\/"}}]}},"_links":{"self":[{"href":"https:\/\/hotel-santjordi.es\/ca\/wp-json\/wp\/v2\/pages\/19","targetHints":{"allow":["GET"]}}],"collection":[{"href":"https:\/\/hotel-santjordi.es\/ca\/wp-json\/wp\/v2\/pages"}],"about":[{"href":"https:\/\/hotel-santjordi.es\/ca\/wp-json\/wp\/v2\/types\/page"}],"author":[{"embeddable":true,"href":"https:\/\/hotel-santjordi.es\/ca\/wp-json\/wp\/v2\/users\/2"}],"replies":[{"embeddable":true,"href":"https:\/\/hotel-santjordi.es\/ca\/wp-json\/wp\/v2\/comments?post=19"}],"version-history":[{"count":0,"href":"https:\/\/hotel-santjordi.es\/ca\/wp-json\/wp\/v2\/pages\/19\/revisions"}],"wp:attachment":[{"href":"https:\/\/hotel-santjordi.es\/ca\/wp-json\/wp\/v2\/media?parent=19"}],"curies":[{"name":"wp","href":"https:\/\/api.w.org\/{rel}","templated":true}]}}